{"id":9,"date":"2015-12-14T04:10:44","date_gmt":"2015-12-14T04:10:44","guid":{"rendered":"http:\/\/theme-fusion.com\/avada\/medical\/?page_id=9"},"modified":"2020-01-30T12:52:12","modified_gmt":"2020-01-30T11:52:12","slug":"member","status":"publish","type":"page","link":"https:\/\/spineserbia.rs\/en\/member\/","title":{"rendered":"Members"},"content":{"rendered":"<p><div class=\"fusion-bg-parallax\"  data-bg-align=\"left center\" data-direction=\"left\" data-mute=\"false\" data-opacity=\"100\" data-velocity=\"-0.4\" data-mobile-enabled=\"false\" data-break_parents=\"0\" data-bg-image=\"http:\/\/spineserbia.rs\/wp-content\/uploads\/2016\/01\/header-image-departments.jpg\" data-bg-repeat=\"false\" data-bg-height=\"\" data-bg-width=\"\"><\/div><div class=\"fusion-fullwidth fullwidth-box fusion-builder-row-1 fusion-parallax-left nonhundred-percent-fullwidth non-hundred-percent-height-scrolling\"  style='background-color: rgba(255,255,255,0);background-image: url(\"http:\/\/spineserbia.rs\/wp-content\/uploads\/2016\/01\/header-image-departments.jpg\");background-position: left center;background-repeat: no-repeat;padding-top:10%;padding-right:5%;padding-bottom:10%;padding-left:5%;border-top-width:0px;border-bottom-width:0px;border-color:#eae9e9;border-top-style:solid;border-bottom-style:solid;-webkit-background-size:cover;-moz-background-size:cover;-o-background-size:cover;background-size:cover;'><div class=\"fusion-builder-row fusion-row \"><div  class=\"fusion-layout-column fusion_builder_column fusion_builder_column_1_1 fusion-builder-column-1 fusion-one-full fusion-column-first fusion-column-last 1_1\"  style='margin-top:0px;margin-bottom:30px;'>\n\t\t\t\t\t<div class=\"fusion-column-wrapper\" style=\"padding: 0px 0px 0px 0px;background-position:left top;background-repeat:no-repeat;-webkit-background-size:cover;-moz-background-size:cover;-o-background-size:cover;background-size:cover;\"   data-bg-url=\"\">\n\t\t\t\t\t\t<div class=\"fusion-text\"><h1 style=\"text-align: center;\"><span style=\"color: #ffffff;\">Become our <\/span><span style=\"color: #3bafbf;\">member<\/span><\/h1>\n<\/div><div class=\"fusion-sep-clear\"><\/div><div class=\"fusion-separator fusion-full-width-sep sep-none\" style=\"margin-left: auto;margin-right: auto;margin-top:10px;margin-bottom:10px;\"><\/div><div class=\"fusion-button-wrapper fusion-aligncenter\"><style type=\"text\/css\">.fusion-button.button-1 {border-radius:2px;}<\/style><a class=\"fusion-button button-flat fusion-button-default-size button-default button-1 fusion-button-span-no fusion-button-default-type\" target=\"_blank\" rel=\"noopener noreferrer\"><span class=\"fusion-button-text\">APPLICATION FORM<\/span><\/a><\/div><div class=\"fusion-clearfix\"><\/div>\n\n\t\t\t\t\t<\/div>\n\t\t\t\t<\/div><\/div><\/div><div class=\"fusion-fullwidth fullwidth-box fusion-builder-row-2 nonhundred-percent-fullwidth non-hundred-percent-height-scrolling\"  style='background-color: rgba(255,255,255,0.5);background-position: left top;background-repeat: no-repeat;padding-top:100px;padding-right:0px;padding-bottom:100px;padding-left:0px;border-top-width:0px;border-bottom-width:0px;border-color:#eae9e9;border-top-style:solid;border-bottom-style:solid;'><div class=\"fusion-builder-row fusion-row \"><div  class=\"fusion-layout-column fusion_builder_column fusion_builder_column_1_1 fusion-builder-column-2 fusion-one-full fusion-column-first fusion-column-last 1_1\"  style='margin-top:0px;margin-bottom:30px;'>\n\t\t\t\t\t<div class=\"fusion-column-wrapper\" style=\"padding: 0px 0px 0px 0px;background-position:left top;background-repeat:no-repeat;-webkit-background-size:cover;-moz-background-size:cover;-o-background-size:cover;background-size:cover;\"   data-bg-url=\"\">\n\t\t\t\t\t\t<div class=\"fusion-text\"><p style=\"text-align: left;\"><span style=\"font-size: 14pt; font-family: arial, helvetica, sans-serif;\">\u010clanstvo u Udru\u017eenju je dobrovoljno i sti\u010de se, po ispunjenju uslova definisanih \u010dlanom 13. i potpisivanjem izjave o pristupanju Udru\u017eenju i prihvatanju Statuta i drugih op\u0161tih akata.<\/span><\/p>\n<p style=\"text-align: left;\"><a href=\"https:\/\/spineserbia.rs\/pristupnica-za-clanstvo\/\"><span style=\"font-family: arial, helvetica, sans-serif;\"><strong><span style=\"font-size: 14pt;\">PRISTUPNICA ZA \u010cLANSTVO U UDRU\u017dENJU -link<\/span><\/strong><\/span><\/a><\/p>\n<p style=\"text-align: left;\"><span style=\"font-size: 14pt; font-family: arial, helvetica, sans-serif;\">Postoje \u010detiri oblika \u010dlanstva:<\/span><br \/>\n<span style=\"font-size: 14pt; font-family: arial, helvetica, sans-serif;\">-\u010dlan &#8211; osniva\u010d,<\/span><br \/>\n<span style=\"font-size: 14pt; font-family: arial, helvetica, sans-serif;\">-\u010dlan,<\/span><br \/>\n<span style=\"font-size: 14pt; font-family: arial, helvetica, sans-serif;\">-pridru\u017eeni \u010dlan (lekar na specijalizaciji),<\/span><br \/>\n<span style=\"font-size: 14pt; font-family: arial, helvetica, sans-serif;\">-po\u010dasni \u010dlan,(po izboru Upravnog odbora, stru\u010dnjak posebno istaknut u radu u oblasti spinalne patologije).<\/span><\/p>\n<p style=\"text-align: left;\"><span style=\"font-size: 14pt; font-family: arial, helvetica, sans-serif;\">\u010clanovi Udru\u017eenja su lekari specijalisti koji se bave neurohirurgijom, ortopedijom, fizikalnom medicinom, reumatologoijom, medikalnom onkologijom, patologijom, radiologijom i srodnim granama.<\/span><\/p>\n<p style=\"text-align: left;\"><span style=\"font-size: 14pt; font-family: arial, helvetica, sans-serif;\">Prava \u010dlanova:<\/span><br \/>\n<span style=\"font-size: 14pt; font-family: arial, helvetica, sans-serif;\">\u010clan Udru\u017eenja ima pravo da:<\/span><br \/>\n<span style=\"font-size: 14pt; font-family: arial, helvetica, sans-serif;\">1) ravnopravno sa drugim \u010dlanovima u\u010destvuje u ostvarivanju ciljeva i radu Udru\u017eenja;<\/span><br \/>\n<span style=\"font-size: 14pt; font-family: arial, helvetica, sans-serif;\">2) neposredno u\u010destvuje u odlu\u010divanju na Skup\u0161tini, kao i preko organa Udru\u017eenja;<\/span><br \/>\n<span style=\"font-size: 14pt; font-family: arial, helvetica, sans-serif;\">3) bira i bude biran u organe Udru\u017eenja;<\/span><br \/>\n<span style=\"font-size: 14pt; font-family: arial, helvetica, sans-serif;\">4) bude blagovremeno i potpuno informisan o radu i aktivnostima Udru\u017eenja;<\/span><br \/>\n<span style=\"font-size: 14pt; font-family: arial, helvetica, sans-serif;\">5) daje predloge i pokre\u0107e inicijative koje nisu u suprotnosti sa Statutom i odlukama organa Udru\u017eenja;<\/span><br \/>\n<span style=\"font-size: 14pt; font-family: arial, helvetica, sans-serif;\">6) koristi sve usluge koje Udru\u017eenja pru\u017ea svojim \u010dlanovima;<\/span><br \/>\n<span style=\"font-size: 14pt; font-family: arial, helvetica, sans-serif;\">7) istupi iz Udru\u017eenja;<\/span><br \/>\n<span style=\"font-size: 14pt; font-family: arial, helvetica, sans-serif;\">8) ostvaruje druga prava predvi\u0111ena Statutom i drugim aktima Udru\u017eenja.<\/span><\/p>\n<p style=\"text-align: left;\"><span style=\"font-size: 14pt; font-family: arial, helvetica, sans-serif;\">\u010clan Udru\u017eenja obavezan je da:<\/span><\/p>\n<p style=\"text-align: left;\"><span style=\"font-size: 14pt; font-family: arial, helvetica, sans-serif;\">1) aktivno doprinosi ostvarivanju ciljeva Udru\u017eenja;<\/span><br \/>\n<span style=\"font-size: 14pt; font-family: arial, helvetica, sans-serif;\">2) u\u010destvuje, u skladu sa interesovanjem, u aktivnostima Udru\u017eenja;<\/span><br \/>\n<span style=\"font-size: 14pt; font-family: arial, helvetica, sans-serif;\">3) predla\u017ee, razmatra i re\u0161ava pojedina pitanja u organima Udru\u017eenja i u\u010destvuje u preduzimanju mera za sprovo\u0111enje donetih zaklju\u010daka organa Udru\u017eenja;<\/span><br \/>\n<span style=\"font-size: 14pt; font-family: arial, helvetica, sans-serif;\">4) blagovremeno izvr\u0161ava u skladu sa donetim kriterijumima, finansijske i druge obaveze, a u cilju realizacije planiranih aktivnosti;<\/span><br \/>\n<span style=\"font-size: 14pt; font-family: arial, helvetica, sans-serif;\">5) blagovremeno pla\u0107a \u010dlanarinu;<\/span><br \/>\n<span style=\"font-size: 14pt; font-family: arial, helvetica, sans-serif;\">6) po\u0161tuje STATUT i druga op\u0161ta akta i odluke organa Udru\u017eenja;<\/span><br \/>\n<span style=\"font-size: 14pt; font-family: arial, helvetica, sans-serif;\">7) dolazi na sednice organa Udru\u017eenja \u010diji je \u010dlan;<\/span><br \/>\n<span style=\"font-size: 14pt; font-family: arial, helvetica, sans-serif;\">8) \u010duva ugled Udru\u017eenja;<\/span><br \/>\n<span style=\"font-size: 14pt; font-family: arial, helvetica, sans-serif;\">9 obavlja druge poslove koje mu povere organi Udru\u017eenja;<\/span><br \/>\n<span style=\"font-size: 14pt; font-family: arial, helvetica, sans-serif;\">10) ispunjava i druge obaveze u skladu sa STATUTOM i drugim aktima Udru\u017eenja.<\/span><\/p>\n<p style=\"text-align: left;\"><span style=\"font-size: 14pt; font-family: arial, helvetica, sans-serif;\">ODGOVORNOST \u010cLANOVA<\/span><\/p>\n<p style=\"text-align: left;\"><span style=\"font-size: 14pt; font-family: arial, helvetica, sans-serif;\">Svaki \u010dlan Udru\u017eenja odgovoran je za sopstveno delovanje unutar i izvan Udru\u017eenja, koje mo\u017ee na bilo koji na\u010din biti dovedeno u vezu sa aktivnostima i ciljevima Udru\u017eenja.<\/span><br \/>\n<span style=\"font-size: 14pt; font-family: arial, helvetica, sans-serif;\">\u010clan \u010dije je pona\u0161anje i delovanje usmereno protiv odluka organa Udru\u017eenja ili ne\u010dasnim delima i grubim postupcima kr\u0161i STATUT i ciljeve Udru\u017eenja i na taj na\u010din \u0161teti ugledu Udru\u017eenja, odlukom Skup\u0161tine mo\u017ee biti isklju\u010den iz Udru\u017eenja.<\/span><\/p>\n<p style=\"text-align: left;\"><span style=\"font-size: 14pt; font-family: arial, helvetica, sans-serif;\">\u010cLANARINA<\/span><\/p>\n<p style=\"text-align: left;\"><span style=\"font-size: 14pt; font-family: arial, helvetica, sans-serif;\">Svaki \u010dlan Udru\u017eenja je du\u017ean da tokom \u010dlanstva u Udru\u017eenju redovno pla\u0107a \u010dlanarinu.<\/span><br \/>\n<span style=\"font-size: 14pt; font-family: arial, helvetica, sans-serif;\">Odluku o visini \u010dlanarine za svaku kalendarsku godinu usvaja Skup\u0161tina Udru\u017eenja, na predlog Upravnog odbora.<\/span><br \/>\n<span style=\"font-size: 14pt; font-family: arial, helvetica, sans-serif;\">\u010clanarina se pla\u0107a godi\u0161nje, za teku\u0107u godinu, najkasnije do isteka prvog tromese\u010dja.<\/span><br \/>\n<span style=\"font-size: 14pt; font-family: arial, helvetica, sans-serif;\">\u010clan Udru\u017eenja mo\u017ee finansijski i drugim davanjima pomagati Udru\u017eenje, ali po osnovu toga ne mo\u017ee ostvariti bilo kakva dodatna ili posebna prava.<\/span><\/p>\n<\/div><div class=\"fusion-clearfix\"><\/div>\n\n\t\t\t\t\t<\/div>\n\t\t\t\t<\/div><\/div><\/div><\/p>\n","protected":false},"excerpt":{"rendered":"","protected":false},"author":1,"featured_media":0,"parent":0,"menu_order":0,"comment_status":"closed","ping_status":"closed","template":"100-width.php","meta":{"footnotes":""},"_links":{"self":[{"href":"https:\/\/spineserbia.rs\/en\/wp-json\/wp\/v2\/pages\/9"}],"collection":[{"href":"https:\/\/spineserbia.rs\/en\/wp-json\/wp\/v2\/pages"}],"about":[{"href":"https:\/\/spineserbia.rs\/en\/wp-json\/wp\/v2\/types\/page"}],"author":[{"embeddable":true,"href":"https:\/\/spineserbia.rs\/en\/wp-json\/wp\/v2\/users\/1"}],"replies":[{"embeddable":true,"href":"https:\/\/spineserbia.rs\/en\/wp-json\/wp\/v2\/comments?post=9"}],"version-history":[{"count":12,"href":"https:\/\/spineserbia.rs\/en\/wp-json\/wp\/v2\/pages\/9\/revisions"}],"predecessor-version":[{"id":1045,"href":"https:\/\/spineserbia.rs\/en\/wp-json\/wp\/v2\/pages\/9\/revisions\/1045"}],"wp:attachment":[{"href":"https:\/\/spineserbia.rs\/en\/wp-json\/wp\/v2\/media?parent=9"}],"curies":[{"name":"wp","href":"https:\/\/api.w.org\/{rel}","templated":true}]}}